{"id":31,"date":"2018-11-26T09:45:39","date_gmt":"2018-11-26T09:45:39","guid":{"rendered":"http:\/\/globebazarhouseplus.com\/?page_id=31"},"modified":"2021-03-25T08:26:07","modified_gmt":"2021-03-25T08:26:07","slug":"transport","status":"publish","type":"page","link":"http:\/\/globebazarhouseplus.com\/sr\/transport\/","title":{"rendered":"Transport"},"content":{"rendered":"<p>[:RS]<\/p>\n<h1 style=\"text-align: center;\">Me\u0111unarodni drumski transport<\/h1>\n<p>Svojim klijentima obezbe\u0111ujemo uslugu transporta, bilo da je u pitanju pun utovar, jedna paleta robe ili manje, za bilo koju destinaciju u Evropi i \u0161ire, po najpovoljnijim cenama. Nasim klijentima je jako zna\u010dajan parcijalni transport robe iz Castellona (\u0160panija) do Srbije, gde smo cenovno najkonkurentniji u Srbiji. Rokovima isporuke izlazimo u susret potrebama svojih klijenata.<\/p>\n<p>&nbsp;<\/p>\n<hr>\n<h1><\/h1>\n<h1 style=\"text-align: center;\">Pomorski transport<\/h1>\n<p>Na\u0161e usluge u oblasti brodskog transporta uklju\u010duju organizaciju prevoza punih i zbirnih kontejnerskih utovara, kao i usluge osiguranja robe. Sara\u0111uju\u0107i sa velikim prevoznicima i agentima, mo\u017eemo vam ponuditi najpovoljnije uslove u pogledu cene prevoza i raspolo\u017eivosti tovarnog prostora. Na\u0161im klijentima koji se snabdevaju robom iz Kine, organizujemo kontejnerski transport iz svih luka u Kini, kako pune utovare, tako i po paleti, i dopremu robe do bilo kog mesta u Evropi. Klijenti u svakom trenutku imaju uvid u to gde im se nalazi po\u0161iljka, uz pomo\u0107 sajtova za pra\u0107enje po\u0161iljki.[:en]<\/p>\n<h1 style=\"text-align: center;\">International road transport<\/h1>\n<p>We can provide you transport service, whether it\u2019s full load, one pallet or less, for any destination in Europe and beyond, at the best prices. One of our advantages is partial transport of goods from Castellon (Spain) which is very significant for our clients in Balkan region. We are always trying to meet our clients expectation with the delivery period and prices.<\/p>\n<p>&nbsp;<\/p>\n<hr>\n<h1><\/h1>\n<h1 style=\"text-align: center;\">Maritime transport<\/h1>\n<p>Our services in the field of maritime transport include the organization of transport of full and groupage container loading, as well as the insurance of the goods. Working with major carriers and agents, we can offer you the best conditions in terms of price and availability of cargo space. When we are selling material from China, our big advantage is ability to organize fastest and cheapest container transport from all ports in China, whether it is full loads or partial loading, and we can deliver goods to any place in Europe. Clients at all times have access to where their shipment is located, with the help of websites for tracking shipments.[:]<\/p>\n","protected":false},"excerpt":{"rendered":"<p>[:RS] Me\u0111unarodni drumski transport Svojim klijentima obezbe\u0111ujemo uslugu transporta, bilo da je u pitanju pun utovar, jedna paleta robe ili manje, za bilo koju destinaciju u Evropi i \u0161ire, po najpovoljnijim cenama. Nasim klijentima je jako zna\u010dajan parcijalni transport robe iz Castellona (\u0160panija) do Srbije, gde smo cenovno najkonkurentniji u Srbiji. Rokovima isporuke izlazimo u [&hellip;]<\/p>\n","protected":false},"author":1,"featured_media":629,"parent":0,"menu_order":0,"comment_status":"closed","ping_status":"closed","template":"transport.php","meta":{"jetpack_post_was_ever_published":false,"footnotes":""},"class_list":["post-31","page","type-page","status-publish","has-post-thumbnail","hentry"],"yoast_head":"<!-- This site is optimized with the Yoast SEO plugin v27.5 - https:\/\/yoast.com\/product\/yoast-seo-wordpress\/ -->\n<title>Transport - Globe Bazar House Plus<\/title>\n<meta name=\"robots\" content=\"index, follow, max-snippet:-1, max-image-preview:large, max-video-preview:-1\" \/>\n<link rel=\"canonical\" href=\"https:\/\/globebazarhouseplus.com\/sr\/transport\/\" \/>\n<meta property=\"og:locale\" content=\"sr_RS\" \/>\n<meta property=\"og:type\" content=\"article\" \/>\n<meta property=\"og:title\" content=\"Transport - Globe Bazar House Plus\" \/>\n<meta property=\"og:description\" content=\"[:RS] Me\u0111unarodni drumski transport Svojim klijentima obezbe\u0111ujemo uslugu transporta, bilo da je u pitanju pun utovar, jedna paleta robe ili manje, za bilo koju destinaciju u Evropi i \u0161ire, po najpovoljnijim cenama. Nasim klijentima je jako zna\u010dajan parcijalni transport robe iz Castellona (\u0160panija) do Srbije, gde smo cenovno najkonkurentniji u Srbiji. Rokovima isporuke izlazimo u [&hellip;]\" \/>\n<meta property=\"og:url\" content=\"https:\/\/globebazarhouseplus.com\/sr\/transport\/\" \/>\n<meta property=\"og:site_name\" content=\"Globe Bazar House Plus\" \/>\n<meta property=\"article:modified_time\" content=\"2021-03-25T08:26:07+00:00\" \/>\n<meta property=\"og:image\" content=\"https:\/\/i0.wp.com\/media.globebazarhouseplus.com\/2021\/03\/transportlogo.jpg?fit=1920%2C1080&ssl=1\" \/>\n\t<meta property=\"og:image:width\" content=\"1920\" \/>\n\t<meta property=\"og:image:height\" content=\"1080\" \/>\n\t<meta property=\"og:image:type\" content=\"image\/jpeg\" \/>\n<meta name=\"twitter:card\" content=\"summary_large_image\" \/>\n<meta name=\"twitter:label1\" content=\"\u041f\u0440\u043e\u0446\u0435\u045a\u0435\u043d\u043e \u0432\u0440\u0435\u043c\u0435 \u0447\u0438\u0442\u0430\u045a\u0430\" \/>\n\t<meta name=\"twitter:data1\" content=\"2 \u043c\u0438\u043d\u0443\u0442\u0430\" \/>\n<script type=\"application\/ld+json\" class=\"yoast-schema-graph\">{\"@context\":\"https:\\\/\\\/schema.org\",\"@graph\":[{\"@type\":\"WebPage\",\"@id\":\"https:\\\/\\\/globebazarhouseplus.com\\\/sr\\\/transport\\\/\",\"url\":\"https:\\\/\\\/globebazarhouseplus.com\\\/sr\\\/transport\\\/\",\"name\":\"Transport - Globe Bazar House Plus\",\"isPartOf\":{\"@id\":\"https:\\\/\\\/globebazarhouseplus.com\\\/#website\"},\"primaryImageOfPage\":{\"@id\":\"https:\\\/\\\/globebazarhouseplus.com\\\/sr\\\/transport\\\/#primaryimage\"},\"image\":{\"@id\":\"https:\\\/\\\/globebazarhouseplus.com\\\/sr\\\/transport\\\/#primaryimage\"},\"thumbnailUrl\":\"https:\\\/\\\/i0.wp.com\\\/media.globebazarhouseplus.com\\\/2021\\\/03\\\/transportlogo.jpg?fit=1920%2C1080\",\"datePublished\":\"2018-11-26T09:45:39+00:00\",\"dateModified\":\"2021-03-25T08:26:07+00:00\",\"breadcrumb\":{\"@id\":\"https:\\\/\\\/globebazarhouseplus.com\\\/sr\\\/transport\\\/#breadcrumb\"},\"inLanguage\":\"sr-RS\",\"potentialAction\":[{\"@type\":\"ReadAction\",\"target\":[\"https:\\\/\\\/globebazarhouseplus.com\\\/sr\\\/transport\\\/\"]}]},{\"@type\":\"ImageObject\",\"inLanguage\":\"sr-RS\",\"@id\":\"https:\\\/\\\/globebazarhouseplus.com\\\/sr\\\/transport\\\/#primaryimage\",\"url\":\"https:\\\/\\\/i0.wp.com\\\/media.globebazarhouseplus.com\\\/2021\\\/03\\\/transportlogo.jpg?fit=1920%2C1080\",\"contentUrl\":\"https:\\\/\\\/i0.wp.com\\\/media.globebazarhouseplus.com\\\/2021\\\/03\\\/transportlogo.jpg?fit=1920%2C1080\",\"width\":1920,\"height\":1080},{\"@type\":\"BreadcrumbList\",\"@id\":\"https:\\\/\\\/globebazarhouseplus.com\\\/sr\\\/transport\\\/#breadcrumb\",\"itemListElement\":[{\"@type\":\"ListItem\",\"position\":1,\"name\":\"\u041f\u043e\u0447\u0435\u0442\u043d\u0430\",\"item\":\"https:\\\/\\\/globebazarhouseplus.com\\\/\"},{\"@type\":\"ListItem\",\"position\":2,\"name\":\"Transport\"}]},{\"@type\":\"WebSite\",\"@id\":\"https:\\\/\\\/globebazarhouseplus.com\\\/#website\",\"url\":\"https:\\\/\\\/globebazarhouseplus.com\\\/\",\"name\":\"Globe Bazar House Plus\",\"description\":\"\",\"publisher\":{\"@id\":\"https:\\\/\\\/globebazarhouseplus.com\\\/#organization\"},\"potentialAction\":[{\"@type\":\"SearchAction\",\"target\":{\"@type\":\"EntryPoint\",\"urlTemplate\":\"https:\\\/\\\/globebazarhouseplus.com\\\/?s={search_term_string}\"},\"query-input\":{\"@type\":\"PropertyValueSpecification\",\"valueRequired\":true,\"valueName\":\"search_term_string\"}}],\"inLanguage\":\"sr-RS\"},{\"@type\":\"Organization\",\"@id\":\"https:\\\/\\\/globebazarhouseplus.com\\\/#organization\",\"name\":\"Globe Bazar House Plus\",\"url\":\"https:\\\/\\\/globebazarhouseplus.com\\\/\",\"logo\":{\"@type\":\"ImageObject\",\"inLanguage\":\"sr-RS\",\"@id\":\"https:\\\/\\\/globebazarhouseplus.com\\\/#\\\/schema\\\/logo\\\/image\\\/\",\"url\":\"https:\\\/\\\/i0.wp.com\\\/media.globebazarhouseplus.com\\\/2018\\\/12\\\/hero.jpg?fit=1080%2C1080\",\"contentUrl\":\"https:\\\/\\\/i0.wp.com\\\/media.globebazarhouseplus.com\\\/2018\\\/12\\\/hero.jpg?fit=1080%2C1080\",\"width\":1080,\"height\":1080,\"caption\":\"Globe Bazar House Plus\"},\"image\":{\"@id\":\"https:\\\/\\\/globebazarhouseplus.com\\\/#\\\/schema\\\/logo\\\/image\\\/\"}}]}<\/script>\n<!-- \/ Yoast SEO plugin. -->","yoast_head_json":{"title":"Transport - Globe Bazar House Plus","robots":{"index":"index","follow":"follow","max-snippet":"max-snippet:-1","max-image-preview":"max-image-preview:large","max-video-preview":"max-video-preview:-1"},"canonical":"https:\/\/globebazarhouseplus.com\/sr\/transport\/","og_locale":"sr_RS","og_type":"article","og_title":"Transport - Globe Bazar House Plus","og_description":"[:RS] Me\u0111unarodni drumski transport Svojim klijentima obezbe\u0111ujemo uslugu transporta, bilo da je u pitanju pun utovar, jedna paleta robe ili manje, za bilo koju destinaciju u Evropi i \u0161ire, po najpovoljnijim cenama. Nasim klijentima je jako zna\u010dajan parcijalni transport robe iz Castellona (\u0160panija) do Srbije, gde smo cenovno najkonkurentniji u Srbiji. Rokovima isporuke izlazimo u [&hellip;]","og_url":"https:\/\/globebazarhouseplus.com\/sr\/transport\/","og_site_name":"Globe Bazar House Plus","article_modified_time":"2021-03-25T08:26:07+00:00","og_image":[{"width":1920,"height":1080,"url":"https:\/\/i0.wp.com\/media.globebazarhouseplus.com\/2021\/03\/transportlogo.jpg?fit=1920%2C1080&ssl=1","type":"image\/jpeg"}],"twitter_card":"summary_large_image","twitter_misc":{"\u041f\u0440\u043e\u0446\u0435\u045a\u0435\u043d\u043e \u0432\u0440\u0435\u043c\u0435 \u0447\u0438\u0442\u0430\u045a\u0430":"2 \u043c\u0438\u043d\u0443\u0442\u0430"},"schema":{"@context":"https:\/\/schema.org","@graph":[{"@type":"WebPage","@id":"https:\/\/globebazarhouseplus.com\/sr\/transport\/","url":"https:\/\/globebazarhouseplus.com\/sr\/transport\/","name":"Transport - Globe Bazar House Plus","isPartOf":{"@id":"https:\/\/globebazarhouseplus.com\/#website"},"primaryImageOfPage":{"@id":"https:\/\/globebazarhouseplus.com\/sr\/transport\/#primaryimage"},"image":{"@id":"https:\/\/globebazarhouseplus.com\/sr\/transport\/#primaryimage"},"thumbnailUrl":"https:\/\/i0.wp.com\/media.globebazarhouseplus.com\/2021\/03\/transportlogo.jpg?fit=1920%2C1080","datePublished":"2018-11-26T09:45:39+00:00","dateModified":"2021-03-25T08:26:07+00:00","breadcrumb":{"@id":"https:\/\/globebazarhouseplus.com\/sr\/transport\/#breadcrumb"},"inLanguage":"sr-RS","potentialAction":[{"@type":"ReadAction","target":["https:\/\/globebazarhouseplus.com\/sr\/transport\/"]}]},{"@type":"ImageObject","inLanguage":"sr-RS","@id":"https:\/\/globebazarhouseplus.com\/sr\/transport\/#primaryimage","url":"https:\/\/i0.wp.com\/media.globebazarhouseplus.com\/2021\/03\/transportlogo.jpg?fit=1920%2C1080","contentUrl":"https:\/\/i0.wp.com\/media.globebazarhouseplus.com\/2021\/03\/transportlogo.jpg?fit=1920%2C1080","width":1920,"height":1080},{"@type":"BreadcrumbList","@id":"https:\/\/globebazarhouseplus.com\/sr\/transport\/#breadcrumb","itemListElement":[{"@type":"ListItem","position":1,"name":"\u041f\u043e\u0447\u0435\u0442\u043d\u0430","item":"https:\/\/globebazarhouseplus.com\/"},{"@type":"ListItem","position":2,"name":"Transport"}]},{"@type":"WebSite","@id":"https:\/\/globebazarhouseplus.com\/#website","url":"https:\/\/globebazarhouseplus.com\/","name":"Globe Bazar House Plus","description":"","publisher":{"@id":"https:\/\/globebazarhouseplus.com\/#organization"},"potentialAction":[{"@type":"SearchAction","target":{"@type":"EntryPoint","urlTemplate":"https:\/\/globebazarhouseplus.com\/?s={search_term_string}"},"query-input":{"@type":"PropertyValueSpecification","valueRequired":true,"valueName":"search_term_string"}}],"inLanguage":"sr-RS"},{"@type":"Organization","@id":"https:\/\/globebazarhouseplus.com\/#organization","name":"Globe Bazar House Plus","url":"https:\/\/globebazarhouseplus.com\/","logo":{"@type":"ImageObject","inLanguage":"sr-RS","@id":"https:\/\/globebazarhouseplus.com\/#\/schema\/logo\/image\/","url":"https:\/\/i0.wp.com\/media.globebazarhouseplus.com\/2018\/12\/hero.jpg?fit=1080%2C1080","contentUrl":"https:\/\/i0.wp.com\/media.globebazarhouseplus.com\/2018\/12\/hero.jpg?fit=1080%2C1080","width":1080,"height":1080,"caption":"Globe Bazar House Plus"},"image":{"@id":"https:\/\/globebazarhouseplus.com\/#\/schema\/logo\/image\/"}}]}},"jetpack_sharing_enabled":true,"jetpack_shortlink":"https:\/\/wp.me\/PatWq0-v","_links":{"self":[{"href":"http:\/\/globebazarhouseplus.com\/sr\/wp-json\/wp\/v2\/pages\/31","targetHints":{"allow":["GET"]}}],"collection":[{"href":"http:\/\/globebazarhouseplus.com\/sr\/wp-json\/wp\/v2\/pages"}],"about":[{"href":"http:\/\/globebazarhouseplus.com\/sr\/wp-json\/wp\/v2\/types\/page"}],"author":[{"embeddable":true,"href":"http:\/\/globebazarhouseplus.com\/sr\/wp-json\/wp\/v2\/users\/1"}],"replies":[{"embeddable":true,"href":"http:\/\/globebazarhouseplus.com\/sr\/wp-json\/wp\/v2\/comments?post=31"}],"version-history":[{"count":4,"href":"http:\/\/globebazarhouseplus.com\/sr\/wp-json\/wp\/v2\/pages\/31\/revisions"}],"predecessor-version":[{"id":183,"href":"http:\/\/globebazarhouseplus.com\/sr\/wp-json\/wp\/v2\/pages\/31\/revisions\/183"}],"wp:featuredmedia":[{"embeddable":true,"href":"http:\/\/globebazarhouseplus.com\/sr\/wp-json\/wp\/v2\/media\/629"}],"wp:attachment":[{"href":"http:\/\/globebazarhouseplus.com\/sr\/wp-json\/wp\/v2\/media?parent=31"}],"curies":[{"name":"wp","href":"https:\/\/api.w.org\/{rel}","templated":true}]}}